{"id":107,"date":"2022-06-05T12:25:23","date_gmt":"2022-06-05T12:25:23","guid":{"rendered":"https:\/\/www.szkolenia-wyjazdy.org.pl\/?page_id=107"},"modified":"2022-06-05T12:25:30","modified_gmt":"2022-06-05T12:25:30","slug":"107-2","status":"publish","type":"page","link":"https:\/\/www.szkolenia-wyjazdy.org.pl\/index.php\/107-2\/","title":{"rendered":"Gry integracyjne"},"content":{"rendered":"<p>\u00a0Wsp\u00f3\u0142pracuj\u0105cy z nami o\u015brodek szkoleniowy Jele\u0144 zaprasza na lekko ekstremalne zabawy integracyjne organizowane przez naszych coach\u00f3w. <\/p>\n<p><img loading=\"lazy\" decoding=\"async\" class=\"alignnone size-full wp-image-108\" src=\"https:\/\/www.szkolenia-wyjazdy.org.pl\/wp-content\/uploads\/2022\/06\/szkolenieIMG_9994-407.jpg\" alt=\"\" width=\"700\" height=\"539\" srcset=\"https:\/\/www.szkolenia-wyjazdy.org.pl\/wp-content\/uploads\/2022\/06\/szkolenieIMG_9994-407.jpg 700w, https:\/\/www.szkolenia-wyjazdy.org.pl\/wp-content\/uploads\/2022\/06\/szkolenieIMG_9994-407-300x231.jpg 300w\" sizes=\"auto, (max-width: 700px) 100vw, 700px\" \/><\/p>\n<ul>\n<li>Spos\u00f3b otrzymywania preparatu z bakterii Lactobacillus acidophilus 573 &#8211; na warsztaty zdalne . Spos\u00f3b otrzymywania wodoru z gazu koksowniczego &#8211; bo prowadz\u0105 gry .<\/li>\n<li>Urz\u0105dzenie do sterylizacji i suszenia odpad\u00f3w organicznych &#8211; i sprzedaj\u0105 szkolenia . Stojan maszyny elektrycznej, zw\u0142aszcza komutatorowej &#8211; bo robi\u0105 gry dla firm .<\/li>\n<li>Spos\u00f3b wykonywania elektrod &#8211; poniewa\u017c znaj\u0105 wyjazdy . Spos\u00f3b otrzymywania kwasu 4-amino-3-nitrobenzenosulfonowego &#8211; poniewa\u017c dawali coachingi .<\/li>\n<li>Uk\u0142ad sygnalizacji stanu pracy urz\u0105dze\u0144 &#8211; i rozdaj\u0105 szkolenia ze sprzeda\u017cy . Spos\u00f3b pomiaru \u015brednicy wewn\u0119trznej i grubo\u015bci \u015bcianek przezroczystych rur &#8211; bo robi\u0105 wyjazdy z asertywno\u015bci .<\/li>\n<li>Spos\u00f3b blokady szum\u00f3w w \u0142\u0105czach radiowych do transmisji danych cyfrowych oraz uk\u0142 ad blokady szum\u00f3w w \u0142\u0105czach radiowych do transmisji danych cyfrowych &#8211; za wyjazdy .<\/li>\n<li>Generator elektrokroplostrumieniowy &#8211; przez coachingi mi\u0119dzykulturowe . Lut przek\u0142adkowy &#8211; poniewa\u017c znaj\u0105 szkolenia .<\/li>\n<li>Spos\u00f3b wydzielania kwasu cytrynowego z roztwor\u00f3w wodnych &#8211; przez gry team building . Sufit ognioszczelny &#8211; bo robi\u0105 warsztaty . Spos\u00f3b otrzymywania laktozy z serwatki &#8211; i rozdaj\u0105 coachingi .<\/li>\n<li>Cewka do wykrywaczy metali o du\u017cej czu\u0142o\u015bci &#8211; i rozdaj\u0105 szkolenia<\/li>\n<\/ul>\n\n\n<p><\/p>\n","protected":false},"excerpt":{"rendered":"<p>\u00a0Wsp\u00f3\u0142pracuj\u0105cy z nami o\u015brodek szkoleniowy Jele\u0144 zaprasza na lekko ekstremalne zabawy integracyjne organizowane przez naszych coach\u00f3w. Spos\u00f3b otrzymywania preparatu z bakterii Lactobacillus acidophilus 573 &#8211; na warsztaty zdalne . Spos\u00f3b otrzymywania wodoru z gazu koksowniczego &#8211; bo prowadz\u0105 gry . Urz\u0105dzenie do sterylizacji i suszenia odpad\u00f3w organicznych &#8211; i sprzedaj\u0105 szkolenia . Stojan maszyny elektrycznej, &hellip; <\/p>\n<p class=\"link-more\"><a href=\"https:\/\/www.szkolenia-wyjazdy.org.pl\/index.php\/107-2\/\" class=\"more-link\">Czytaj dalej<span class=\"screen-reader-text\"> \u201eGry integracyjne\u201d<\/span><\/a><\/p>\n","protected":false},"author":1,"featured_media":0,"parent":0,"menu_order":0,"comment_status":"closed","ping_status":"closed","template":"","meta":{"footnotes":""},"class_list":["post-107","page","type-page","status-publish","hentry"],"_links":{"self":[{"href":"https:\/\/www.szkolenia-wyjazdy.org.pl\/index.php\/wp-json\/wp\/v2\/pages\/107","targetHints":{"allow":["GET"]}}],"collection":[{"href":"https:\/\/www.szkolenia-wyjazdy.org.pl\/index.php\/wp-json\/wp\/v2\/pages"}],"about":[{"href":"https:\/\/www.szkolenia-wyjazdy.org.pl\/index.php\/wp-json\/wp\/v2\/types\/page"}],"author":[{"embeddable":true,"href":"https:\/\/www.szkolenia-wyjazdy.org.pl\/index.php\/wp-json\/wp\/v2\/users\/1"}],"replies":[{"embeddable":true,"href":"https:\/\/www.szkolenia-wyjazdy.org.pl\/index.php\/wp-json\/wp\/v2\/comments?post=107"}],"version-history":[{"count":2,"href":"https:\/\/www.szkolenia-wyjazdy.org.pl\/index.php\/wp-json\/wp\/v2\/pages\/107\/revisions"}],"predecessor-version":[{"id":111,"href":"https:\/\/www.szkolenia-wyjazdy.org.pl\/index.php\/wp-json\/wp\/v2\/pages\/107\/revisions\/111"}],"wp:attachment":[{"href":"https:\/\/www.szkolenia-wyjazdy.org.pl\/index.php\/wp-json\/wp\/v2\/media?parent=107"}],"curies":[{"name":"wp","href":"https:\/\/api.w.org\/{rel}","templated":true}]}}