{"id":2,"date":"2021-07-09T22:59:02","date_gmt":"2021-07-09T22:59:02","guid":{"rendered":"http:\/\/www.szkolenia-wyjazdy.org.pl\/?page_id=2"},"modified":"2022-06-05T12:21:14","modified_gmt":"2022-06-05T12:21:14","slug":"sample-page","status":"publish","type":"page","link":"https:\/\/www.szkolenia-wyjazdy.org.pl\/","title":{"rendered":"Witaj"},"content":{"rendered":"<p>Hej. Witaj na tej stronie dla pracownik\u00f3w dzialu kadr.<\/p>\n<p>Jestem instruktorem umiej\u0119tno\u015bci mi\u0119kkich i osobistych. Organizuje warsztaty dla negocjator\u00f3w i lider\u00f3w liniowych. Stale wsp\u00f3\u0142pracuj\u0119 z <a href=\"https:\/\/www.szkolenia-integracyjne.pl\">Fundacja Training Projects<\/a>. Prowadzi\u0142am szkolenia dla:<\/p>\n<ul>\n<li>Slovnaft &#8211; Polska SA ,<\/li>\n<li>Polska \u017begluga Morska Przedsi\u0119biorstwo Pa\u0144stwowe GK ,<\/li>\n<li>ZUE SA GK ,<\/li>\n<li>Glaxosmithkline Consumer Healthcare sp. z o.o. ,<\/li>\n<li>NSK Bearings Polska SA ,<\/li>\n<li>VGL Group sp. z o.o. GK,<\/li>\n<li>Copernicus Podmiot Leczniczy sp. z o.o. ,<\/li>\n<li>Miejskie Przedsi\u0119biorstwo Wodoci\u0105g\u00f3w i Kanalizacji SA ,<\/li>\n<li>Grupa Kapita\u0142owa Immobile SA GK,<\/li>\n<li>Indyk-\u015al\u0105sk sp. z o.o.,<\/li>\n<li>A. Schulman Polska sp. z o.o.,<\/li>\n<li>W\u0119glokoks Stal sp. z o.o.,<\/li>\n<li>Polinova Polska sp. z o.o. sp.k.,<\/li>\n<li>H+H Polska sp. z o.o.<\/li>\n<\/ul>\n<p>Realizowa\u0142alam warsztaty w projektach unijnych:<\/p>\n<ul>\n<li>\u201eStudia Politicae Universitatis Silesiensis\u201d. T. 20,<\/li>\n<li>Budowanie efektywnego zespo\u0142u w bibliotece,<\/li>\n<li>Ekonomiczne i u\u017cytkowe aspekty wykorzystania wybranych biopaliw,<\/li>\n<li>Geodezyjne aspekty rozgranicze\u0144 i podzia\u0142\u00f3w nieruchomo\u015bci,<\/li>\n<li>Kszta\u0142towanie system\u00f3w w wybranych obszarach transportu i logistyki,<\/li>\n<li>Mechanizmy manifestowania orientacji ideologicznej w dyskursie politycznym,<\/li>\n<li>Osoby z ograniczon\u0105 sprawno\u015bci\u0105 na rynku pracy,<\/li>\n<li>Polska bibliografia szekspirowska 2001-2010,<\/li>\n<li>Strategie komunikacyjne wsp\u00f3\u0142czesnych organizacji,<\/li>\n<li>Uwarunkowania polityki rodzinnej w uj\u0119ciu historycznym, prawnym i politycznym,<\/li>\n<li>Wyznaczniki satysfakcji z wykonywanej pracy os\u00f3b z ograniczon\u0105 sprawno\u015bci\u0105: kompetencje i relacje,<\/li>\n<li>Zbi\u00f3r zada\u0144 z mechaniki teoretycznej. Dynamika,<\/li>\n<li>Nowe umiej\u0119tnosci &#8211; lepsza przysz\u0142o\u015b\u0107. Nabycie nowych kwalifikacji szans\u0105 na aktywizacj\u0119 zawodow\u0105 mieszka\u0144c\u00f3w gminy Rzeczenica.,<\/li>\n<li>My te\u017c mamy przedszkole,<\/li>\n<li>Aktywni liderzy KGW \u2013 zintegrowana gmina Skarszewy,<\/li>\n<li>&#8222;Wakacyjna Szko\u0142a Umiej\u0119tno\u015bci,<\/li>\n<li>Sztuka w nauce, nauka w sztuce.,<\/li>\n<li>Dzia\u0142aj lokalnie II &#8211; Orzesze bli\u017cej Europy,<\/li>\n<li>&#8222;Wieloj\u0119zykowe Miasteczko-m\u00f3wimy po niemiecku,<\/li>\n<li>Przygoda z teatrem,<\/li>\n<li>Wjed\u017amy razem do Europy-kat.B,<\/li>\n<li>Ma\u0142a Akademia Sztuki,<\/li>\n<li>Obywatelskie Punkty Doradztwa Prawnego &#8211; rozw\u00f3j edukacji w Gminie Miedziana G\u00f3ra,<\/li>\n<li>Seniorzy w \u015bwiecie technologii informacyjnej,<\/li>\n<li>Tajemniczy \u015bwiat owad\u00f3w,<\/li>\n<li>Edukacja nasz\u0105 szans\u0105!,<\/li>\n<li>Kobieca pi\u0142ka &#8211; kobiec\u0105 szans\u0105!,<\/li>\n<li>Cali i zdrowi po wakacjach!,<\/li>\n<li>Nowe uprawnienie &#8211; lepsze zatrudnienie,<\/li>\n<li>&#8222;Wzrost \u015bwiadomo\u015bci ekologicznej uczni\u00f3w szk\u00f3\u0142 ponadgimnazjalnych ,<\/li>\n<li>Kto si\u0119 szkoli &#8211; ten zyskuje ,<\/li>\n<li>Kobiece inicjatywy &#8211; edukacja \u015bladami tradycji,<\/li>\n<li>Nasz klucz do sukcesu!,<\/li>\n<li>Na nauk\u0119 nigdy nie jest za p\u00f3\u017ano!,<\/li>\n<li>Wy\u017csze kompetencje j\u0119zykowe os\u00f3b doros\u0142ych,<\/li>\n<li>Komputer to nie problem!,<\/li>\n<li>ST@RT- kursy komputerowe ECDL dla mieszka\u0144c\u00f3w woj. podkarpackiego,<\/li>\n<li>Dbasz o przysz\u0142o\u015b\u0107 &#8211; podnie\u015b swoje kwalifikacje,<\/li>\n<li>ICT dla ka\u017cdego ,<\/li>\n<li>&#8222;Roczny Plan Dzia\u0142ania Pomocy Technicznej PO KL na 2011, 2012 i 2013 oraz 2014 i 2015 r.,<\/li>\n<li>Roczny Plan Dzia\u0142ania Pomocy Technicznej PO KL 2007-2008, 2009 i 2010, Wojew\u00f3dzki Urz\u0105d Pracy w Poznaniu<\/li>\n<\/ul>\n<p>Autorka publikacji: Archiwalia izb przemys\u0142owo-handlowych. Stan i perspektywy bada\u0144, Diagnostyka zautomatyzowanych proces\u00f3w przemys\u0142owych, Efektywno\u015b\u0107 innowacyjnych narz\u0119dzi dydaktycznych w procesie kszta\u0142towania postaw przedsi\u0119biorczych, Functioning of the Local Production Systems in Bulgaria, Poland and Russia, Kryminalistyczne badania patologicznego pisma r\u0119cznego, Metoda analizy bezpiecze\u0144stwa czynnego pojazd\u00f3w kolejowych, Obs\u0142uga informacyjna w bibliotekach warszawskich, Promocja ksi\u0105\u017cki dzieci\u0119cej: podr\u0119cznik akademicki, Strategie i logistyka w warunkach kryzysu. PN 382, Termodynamika odnawialnych \u017ar\u00f3de\u0142 energii, Wyzwania gospodarki globalnej. Prace i materia\u0142y Instytutu Handlu Zagranicznego Uniwersytetu Gda\u0144skiego 31\/1, Zwarcia w systemach elektroenergetycznych. Zdoby\u0142 certyfikacj\u0119: Australian Management Diploma<\/p>\n","protected":false},"excerpt":{"rendered":"<p>Hej. Witaj na tej stronie dla pracownik\u00f3w dzialu kadr. Jestem instruktorem umiej\u0119tno\u015bci mi\u0119kkich i osobistych. Organizuje warsztaty dla negocjator\u00f3w i lider\u00f3w liniowych. Stale wsp\u00f3\u0142pracuj\u0119 z Fundacja Training Projects. Prowadzi\u0142am szkolenia dla: Slovnaft &#8211; Polska SA , Polska \u017begluga Morska Przedsi\u0119biorstwo Pa\u0144stwowe GK , ZUE SA GK , Glaxosmithkline Consumer Healthcare sp. z o.o. , NSK &hellip; <\/p>\n<p class=\"link-more\"><a href=\"https:\/\/www.szkolenia-wyjazdy.org.pl\/\" class=\"more-link\">Czytaj dalej<span class=\"screen-reader-text\"> \u201eWitaj\u201d<\/span><\/a><\/p>\n","protected":false},"author":1,"featured_media":0,"parent":0,"menu_order":0,"comment_status":"closed","ping_status":"open","template":"","meta":{"footnotes":""},"class_list":["post-2","page","type-page","status-publish","hentry"],"_links":{"self":[{"href":"https:\/\/www.szkolenia-wyjazdy.org.pl\/index.php\/wp-json\/wp\/v2\/pages\/2","targetHints":{"allow":["GET"]}}],"collection":[{"href":"https:\/\/www.szkolenia-wyjazdy.org.pl\/index.php\/wp-json\/wp\/v2\/pages"}],"about":[{"href":"https:\/\/www.szkolenia-wyjazdy.org.pl\/index.php\/wp-json\/wp\/v2\/types\/page"}],"author":[{"embeddable":true,"href":"https:\/\/www.szkolenia-wyjazdy.org.pl\/index.php\/wp-json\/wp\/v2\/users\/1"}],"replies":[{"embeddable":true,"href":"https:\/\/www.szkolenia-wyjazdy.org.pl\/index.php\/wp-json\/wp\/v2\/comments?post=2"}],"version-history":[{"count":3,"href":"https:\/\/www.szkolenia-wyjazdy.org.pl\/index.php\/wp-json\/wp\/v2\/pages\/2\/revisions"}],"predecessor-version":[{"id":100,"href":"https:\/\/www.szkolenia-wyjazdy.org.pl\/index.php\/wp-json\/wp\/v2\/pages\/2\/revisions\/100"}],"wp:attachment":[{"href":"https:\/\/www.szkolenia-wyjazdy.org.pl\/index.php\/wp-json\/wp\/v2\/media?parent=2"}],"curies":[{"name":"wp","href":"https:\/\/api.w.org\/{rel}","templated":true}]}}