{"id":92,"date":"2022-06-05T12:15:25","date_gmt":"2022-06-05T12:15:25","guid":{"rendered":"https:\/\/www.szkolenia-wyjazdy.org.pl\/?page_id=92"},"modified":"2022-06-05T12:15:25","modified_gmt":"2022-06-05T12:15:25","slug":"zlote-reguly-dotyczacego-ciekawego-prowadzenia-prezentacji","status":"publish","type":"page","link":"https:\/\/www.szkolenia-wyjazdy.org.pl\/index.php\/zlote-reguly-dotyczacego-ciekawego-prowadzenia-prezentacji\/","title":{"rendered":"Z\u0142ote regu\u0142y dotycz\u0105cego ciekawego prowadzenia prezentacji"},"content":{"rendered":"\n<p><\/p>\n\n\n\n<p>Ciekawe przem\u00f3wienia- najwa\u017cniejsze zasady ekspert\u00f3w i mened\u017cer\u00f3w. Przeczytaj je\u017celi marzysz o skutecznych wyst\u0119pach publicznych.<\/p>\n\n\n\n<p>Na czym polega wysokojako\u015bciowa, udana prezentacja? Przeczytaj uwagi ekspert\u00f3w. Raport przygotowany przez coach\u00f3w organizuj\u0105cych szkolenia z prezentacji.<\/p>\n\n\n\n<p>W jaki spos\u00f3b ka\u017cdy z nas mo\u017ce ciekawie przemawia\u0107 oraz wp\u0142ywa\u0107 na s\u0142uchaczy i widz\u00f3w? &#8211; Ka\u017cdy mo\u017ce temu podo\u0142a\u0107, wystarczy pami\u0119ta\u0107 \u017ceby przestrzega\u0107 zestawu do\u015b\u0107 prostych wytycznych &#8211; stwierdza Rafa\u0142 Szczepanik z <a href=\"http:\/\/www.szkolenia-menedzerskie.pl\" data-type=\"URL\" data-id=\"http:\/\/www.szkolenia-menedzerskie.pl\" target=\"_blank\" rel=\"noreferrer noopener\">Fundacji Training Projects<\/a>, kt\u00f3ra oferuje ju\u017c ponad pi\u0119tna\u015bcie lat szkolenia mi\u0119kkie, wyjazdy integracyjne i symulacje strategiczne. <\/p>\n\n\n\n<p>\u2022 Zastan\u00f3w si\u0119 nad oczekiwaniami danej grupy a nie swoimi \u2013 jeste\u015b tu dla nich, nie siebie.<br>\u2022 Je\u015bli tylko masz mo\u017cliwo\u015b\u0107, zamiast okazywania du\u017cej ilo\u015bci informacji itp., wymy\u015bl quiz dotycz\u0105cy prezentowanych fakt\u00f3w.<br>\u2022 To co si\u0119 da zilustruj dobrze dobranym filmem<br>\u2022 {Zaplanuj wci\u0105gaj\u0105ce zadania, np.: kwestionariusz problemowy<br>\u2022 Ew. uzupe\u0142niaj\u0105ce informacje daj uczestnikom w postaci materia\u0142\u00f3w.<br>\u2022 Zadaj sobie pytanie od czego zaczniesz, co b\u0119dzie drugie a co ostatnie.<br>\u2022 Skomplikowane kwestie zobrazuj ciekawymi historyjkami \u2013 s\u0105 prostsze do zapami\u0119tania.<br>\u2022 Opowiedz anegdot\u0119, za\u017cartuj, nawet z siebie. Czuj si\u0119 swobodnie, nie b\u00f3j si\u0119 u\u017cywa\u0107 potocznego j\u0119zyka.<br>\u2022 Przygotuj sobie dane do prezentacji na zasadzie: nie wi\u0119cej ni\u017c jeden w\u0105tek na slajdzie.<br>\u2022 Poniewa\u017c obrazy s\u0105 \u0142atwiej przyswajalne od przyt\u0142aczaj\u0105cej ilo\u015bci tekstu, pami\u0119taj, \u017ce czytelny slajd to kilka linijek tekstu czcionk\u0105 min 25<br>\u2022 Niech punkty (tekstowe) na slajdzie nie odkrywaj\u0105 si\u0119 na raz, lecz po kolei, po kolejnych klikni\u0119ciach.<br>\u2022 Poka\u017c to co si\u0119 da grafami. Nie tabelami.<br>\u2022 Idealna ilo\u015b\u0107 slajd\u00f3w to max: 30 ze schematami albo 15 z tre\u015bci\u0105.<br>\u2022 Przyjd\u017a na miejsce wyst\u0105pienia znacznie wcze\u015bniej. Przygotuj odpowiednie ustawienie krzese\u0142, zobacz, jak si\u0119 czujesz, stoj\u0105c tam, gdzie b\u0119dziesz m\u00f3wi\u0107.<br>\u2022 Pracuj wg schematu: cel i temat, prezentacja, podsumowanie<br>\u2022 M\u00f3w g\u0142o\u015bno, spokojnie i wyra\u017anie. Unikaj skomplikowanego j\u0119zyka.<br>\u2022 Nie skupiaj si\u0119 na ekranie. Miej sta\u0142y kontakt wzrokowy z grup\u0105. Podziel j\u0105 na kilka podgrup i skacz wzrokiem po wybranych osobach w danej grupie.<br>\u2022 Na \u015brodku sceny b\u0119dziesz mie\u0107 lepszy kontakt z grup\u0105 ni\u017c chowaj\u0105c si\u0119 za m\u00f3wnic\u0105. Niech Twoja postawa b\u0119dzie przyjazna, otwarta.<br>\u2022 Denerwujesz si\u0119? Nie wiesz co zrobi\u0107 z r\u0119kami? Zabierz z sob\u0105 podk\u0142adk\u0119 ze \u015bci\u0105gawk\u0105 dla siebie.<br>\u2022 Pilnuj czasu na zegarze, lub r\u0119cznym zegarku (np. po\u0142\u00f3\u017c go obok komputera).<br>\u2022 Staraj si\u0119 by panuj\u0105ca atmosfera by\u0142a lu\u017ana. Wci\u0105gaj w dyskusj\u0119 uczestnik\u00f3w. Zadawaj pytania, zagadki.<\/p>\n","protected":false},"excerpt":{"rendered":"<p>Ciekawe przem\u00f3wienia- najwa\u017cniejsze zasady ekspert\u00f3w i mened\u017cer\u00f3w. Przeczytaj je\u017celi marzysz o skutecznych wyst\u0119pach publicznych. Na czym polega wysokojako\u015bciowa, udana prezentacja? Przeczytaj uwagi ekspert\u00f3w. Raport przygotowany przez coach\u00f3w organizuj\u0105cych szkolenia z prezentacji. W jaki spos\u00f3b ka\u017cdy z nas mo\u017ce ciekawie przemawia\u0107 oraz wp\u0142ywa\u0107 na s\u0142uchaczy i widz\u00f3w? &#8211; Ka\u017cdy mo\u017ce temu podo\u0142a\u0107, wystarczy pami\u0119ta\u0107 \u017ceby przestrzega\u0107 &hellip; <\/p>\n<p class=\"link-more\"><a href=\"https:\/\/www.szkolenia-wyjazdy.org.pl\/index.php\/zlote-reguly-dotyczacego-ciekawego-prowadzenia-prezentacji\/\" class=\"more-link\">Czytaj dalej<span class=\"screen-reader-text\"> \u201eZ\u0142ote regu\u0142y dotycz\u0105cego ciekawego prowadzenia prezentacji\u201d<\/span><\/a><\/p>\n","protected":false},"author":1,"featured_media":0,"parent":0,"menu_order":0,"comment_status":"closed","ping_status":"closed","template":"","meta":{"footnotes":""},"class_list":["post-92","page","type-page","status-publish","hentry"],"_links":{"self":[{"href":"https:\/\/www.szkolenia-wyjazdy.org.pl\/index.php\/wp-json\/wp\/v2\/pages\/92","targetHints":{"allow":["GET"]}}],"collection":[{"href":"https:\/\/www.szkolenia-wyjazdy.org.pl\/index.php\/wp-json\/wp\/v2\/pages"}],"about":[{"href":"https:\/\/www.szkolenia-wyjazdy.org.pl\/index.php\/wp-json\/wp\/v2\/types\/page"}],"author":[{"embeddable":true,"href":"https:\/\/www.szkolenia-wyjazdy.org.pl\/index.php\/wp-json\/wp\/v2\/users\/1"}],"replies":[{"embeddable":true,"href":"https:\/\/www.szkolenia-wyjazdy.org.pl\/index.php\/wp-json\/wp\/v2\/comments?post=92"}],"version-history":[{"count":1,"href":"https:\/\/www.szkolenia-wyjazdy.org.pl\/index.php\/wp-json\/wp\/v2\/pages\/92\/revisions"}],"predecessor-version":[{"id":94,"href":"https:\/\/www.szkolenia-wyjazdy.org.pl\/index.php\/wp-json\/wp\/v2\/pages\/92\/revisions\/94"}],"wp:attachment":[{"href":"https:\/\/www.szkolenia-wyjazdy.org.pl\/index.php\/wp-json\/wp\/v2\/media?parent=92"}],"curies":[{"name":"wp","href":"https:\/\/api.w.org\/{rel}","templated":true}]}}