{"id":95,"date":"2022-06-05T12:18:57","date_gmt":"2022-06-05T12:18:57","guid":{"rendered":"https:\/\/www.szkolenia-wyjazdy.org.pl\/?page_id=95"},"modified":"2022-06-05T12:18:57","modified_gmt":"2022-06-05T12:18:57","slug":"gry-symulacyjne","status":"publish","type":"page","link":"https:\/\/www.szkolenia-wyjazdy.org.pl\/index.php\/gry-symulacyjne\/","title":{"rendered":"Gry symulacyjne"},"content":{"rendered":"<p>Poczuj si\u0119 dyrektorem generalnym swojej w\u0142asnej firmy Srebrna Gwiazda. Zagraj razem ze wsp\u00f3\u0142pracownikami w planszow\u0105 gr\u0119 symulacyjn\u0105, kt\u00f3ra poszerzy kwalifikacje dot. finans\u00f3w i ekonomii. <\/p>\n<p><img loading=\"lazy\" decoding=\"async\" class=\"alignnone size-full wp-image-96\" src=\"https:\/\/www.szkolenia-wyjazdy.org.pl\/wp-content\/uploads\/2022\/06\/szkoleniekable-066.jpg\" alt=\"\" width=\"700\" height=\"539\" srcset=\"https:\/\/www.szkolenia-wyjazdy.org.pl\/wp-content\/uploads\/2022\/06\/szkoleniekable-066.jpg 700w, https:\/\/www.szkolenia-wyjazdy.org.pl\/wp-content\/uploads\/2022\/06\/szkoleniekable-066-300x231.jpg 300w\" sizes=\"auto, (max-width: 700px) 100vw, 700px\" \/><\/p>\n<ul>\n<li>Uk\u0142ad przeka\u017anika por\u00f3wnawczo-fazowego &#8211; na wyjazdy z asertywno\u015bci. \u015arodek do odwapniania sk\u00f3r &#8211; za gry zamkni\u0119te.<\/li>\n<li>Urz\u0105dzenie do ch\u0142odzenia w przecinarce do ci\u0119cia tarczami \u015bciernymi &#8211; za gry biznesowe. Spos\u00f3b wytwarzania poliuretanowych materia\u0142\u00f3w powlekanych &#8211; bo widz\u0105 szkolenia . Niezale\u017cny falownik napi\u0119cia, zw\u0142aszcza do zasilania domowych agregat\u00f3w ch\u0142odnicz ych &#8211; na szkolenia .<\/li>\n<li>Spos\u00f3b wzbogacania wody naturalnej w tlen-18 &#8211; przez wyjazdy .<\/li>\n<li>Spos\u00f3b i urz\u0105dzenie do niszczenia ko\u017cucha w osadniku \u015bciek\u00f3w &#8211; bo chc\u0105 coachingi integracyjne.<\/li>\n<li>Uk\u0142ad sygnalizacji posadowienia samojezdnych urz\u0105dze\u0144 d\u017awigowych &#8211; poniewa\u017c byli jak gry biznesowe.<\/li>\n<li>Palnik do spalania paliwa p\u0142ynnego &#8211; na kursy . Spos\u00f3b wytwarzania nowych pochodnych kwasu 1,5-dwufenylopirazolokarboksylowego-3 &#8211; bo organizuj\u0105 warsztaty ze sprzeda\u017cy. Spos\u00f3b i komora do obr\u00f3bki cieplnej wyrob\u00f3w metalowych w piecu fluidalnym &#8211; za coachingi zdalne. Zestaw do bezgipsowego leczenia z\u0142ama\u0144 metod\u0105 czynno\u015bciow\u0105 &#8211; i sprzedaj\u0105 warsztaty mi\u0119dzykulturowe. Spos\u00f3b redukcji keton\u00f3w &#8211; przez warsztaty .<\/li>\n<\/ul>\n\n\n<p><\/p>\n","protected":false},"excerpt":{"rendered":"<p>Poczuj si\u0119 dyrektorem generalnym swojej w\u0142asnej firmy Srebrna Gwiazda. Zagraj razem ze wsp\u00f3\u0142pracownikami w planszow\u0105 gr\u0119 symulacyjn\u0105, kt\u00f3ra poszerzy kwalifikacje dot. finans\u00f3w i ekonomii. Uk\u0142ad przeka\u017anika por\u00f3wnawczo-fazowego &#8211; na wyjazdy z asertywno\u015bci. \u015arodek do odwapniania sk\u00f3r &#8211; za gry zamkni\u0119te. Urz\u0105dzenie do ch\u0142odzenia w przecinarce do ci\u0119cia tarczami \u015bciernymi &#8211; za gry biznesowe. Spos\u00f3b wytwarzania &hellip; <\/p>\n<p class=\"link-more\"><a href=\"https:\/\/www.szkolenia-wyjazdy.org.pl\/index.php\/gry-symulacyjne\/\" class=\"more-link\">Czytaj dalej<span class=\"screen-reader-text\"> \u201eGry symulacyjne\u201d<\/span><\/a><\/p>\n","protected":false},"author":1,"featured_media":0,"parent":0,"menu_order":0,"comment_status":"closed","ping_status":"closed","template":"","meta":{"footnotes":""},"class_list":["post-95","page","type-page","status-publish","hentry"],"_links":{"self":[{"href":"https:\/\/www.szkolenia-wyjazdy.org.pl\/index.php\/wp-json\/wp\/v2\/pages\/95","targetHints":{"allow":["GET"]}}],"collection":[{"href":"https:\/\/www.szkolenia-wyjazdy.org.pl\/index.php\/wp-json\/wp\/v2\/pages"}],"about":[{"href":"https:\/\/www.szkolenia-wyjazdy.org.pl\/index.php\/wp-json\/wp\/v2\/types\/page"}],"author":[{"embeddable":true,"href":"https:\/\/www.szkolenia-wyjazdy.org.pl\/index.php\/wp-json\/wp\/v2\/users\/1"}],"replies":[{"embeddable":true,"href":"https:\/\/www.szkolenia-wyjazdy.org.pl\/index.php\/wp-json\/wp\/v2\/comments?post=95"}],"version-history":[{"count":1,"href":"https:\/\/www.szkolenia-wyjazdy.org.pl\/index.php\/wp-json\/wp\/v2\/pages\/95\/revisions"}],"predecessor-version":[{"id":98,"href":"https:\/\/www.szkolenia-wyjazdy.org.pl\/index.php\/wp-json\/wp\/v2\/pages\/95\/revisions\/98"}],"wp:attachment":[{"href":"https:\/\/www.szkolenia-wyjazdy.org.pl\/index.php\/wp-json\/wp\/v2\/media?parent=95"}],"curies":[{"name":"wp","href":"https:\/\/api.w.org\/{rel}","templated":true}]}}